{"id":5352,"date":"2023-11-19T23:30:28","date_gmt":"2023-11-19T23:30:28","guid":{"rendered":"https:\/\/aloeste.com.br\/2023\/?page_id=5352"},"modified":"2023-11-21T12:10:38","modified_gmt":"2023-11-21T12:10:38","slug":"industrial","status":"publish","type":"page","link":"https:\/\/aloeste.com.br\/2023\/industrial\/","title":{"rendered":"Linha Industrial"},"content":{"rendered":"\t\t<div data-elementor-type=\"wp-page\" data-elementor-id=\"5352\" class=\"elementor elementor-5352\">\n\t\t\t\t\t\t<section class=\"elementor-section elementor-top-section elementor-element elementor-element-6ec6f9c elementor-section-boxed elementor-section-height-default elementor-section-height-default\" data-id=\"6ec6f9c\" data-element_type=\"section\" data-e-type=\"section\">\n\t\t\t\t\t\t<div class=\"elementor-container elementor-column-gap-default\">\n\t\t\t\t\t<div class=\"elementor-column elementor-col-100 elementor-top-column elementor-element elementor-element-785c560\" data-id=\"785c560\" data-element_type=\"column\" data-e-type=\"column\">\n\t\t\t<div class=\"elementor-widget-wrap\">\n\t\t\t\t\t\t\t<\/div>\n\t\t<\/div>\n\t\t\t\t\t<\/div>\n\t\t<\/section>\n\t\t\t\t<section class=\"elementor-section elementor-top-section elementor-element elementor-element-e6726d8 elementor-section-boxed elementor-section-height-default elementor-section-height-default\" data-id=\"e6726d8\" data-element_type=\"section\" data-e-type=\"section\">\n\t\t\t\t\t\t<div class=\"elementor-container elementor-column-gap-default\">\n\t\t\t\t\t<div class=\"elementor-column elementor-col-100 elementor-top-column elementor-element elementor-element-9b19c10\" data-id=\"9b19c10\" data-element_type=\"column\" data-e-type=\"column\">\n\t\t\t<div class=\"elementor-widget-wrap elementor-element-populated\">\n\t\t\t\t\t\t<div class=\"elementor-element elementor-element-a2fbd41 elementor-widget elementor-widget-spacer\" data-id=\"a2fbd41\" data-element_type=\"widget\" data-e-type=\"widget\" data-widget_type=\"spacer.default\">\n\t\t\t\t<div class=\"elementor-widget-container\">\n\t\t\t\t\t\t\t<div class=\"elementor-spacer\">\n\t\t\t<div class=\"elementor-spacer-inner\"><\/div>\n\t\t<\/div>\n\t\t\t\t\t\t<\/div>\n\t\t\t\t<\/div>\n\t\t\t\t<section class=\"elementor-section elementor-inner-section elementor-element elementor-element-87cbb58 elementor-section-boxed elementor-section-height-default elementor-section-height-default\" data-id=\"87cbb58\" data-element_type=\"section\" data-e-type=\"section\">\n\t\t\t\t\t\t<div class=\"elementor-container elementor-column-gap-extended\">\n\t\t\t\t\t<div class=\"elementor-column elementor-col-100 elementor-inner-column elementor-element elementor-element-4dc70d2\" data-id=\"4dc70d2\" data-element_type=\"column\" data-e-type=\"column\">\n\t\t\t<div class=\"elementor-widget-wrap elementor-element-populated\">\n\t\t\t\t\t\t<div class=\"elementor-element elementor-element-89dbc85 align-left elementor-widget elementor-widget-mae-headings\" data-id=\"89dbc85\" data-element_type=\"widget\" data-e-type=\"widget\" data-widget_type=\"mae-headings.default\">\n\t\t\t\t<div class=\"elementor-widget-container\">\n\t\t\t\t\t\t\t<div class=\"master-heading\">\n\t        \n\t        \t        <h2 class=\"main-heading\">Linha Industrial<\/h2>\n\t        \n\t        \t        <div class=\"divider\"><\/div>\n\t        \n\t        \t    <\/div>\n\t    \t\t\t\t<\/div>\n\t\t\t\t<\/div>\n\t\t\t\t<div class=\"elementor-element elementor-element-3229c4f elementor-widget elementor-widget-text-editor\" data-id=\"3229c4f\" data-element_type=\"widget\" data-e-type=\"widget\" data-widget_type=\"text-editor.default\">\n\t\t\t\t<div class=\"elementor-widget-container\">\n\t\t\t\t\t\t\t\t\tExplore a robustez e efici\u00eancia dos produtos industriais da Aloeste, dedicados \u00e0s necessidades espec\u00edficas de redes supermercadistas e mercados. Nossa linha de panelas polidas industriais \u00e9 projetada para atender \u00e0s demandas comerciais, oferecendo durabilidade e desempenho excepcionais. Descubra como a Aloeste pode ser sua parceira na oferta de produtos de alta qualidade!\n<br><br>\n\n<i class=\"fa fa-search-plus\" aria-hidden=\"true\"><\/i>\n Clique nas imagens para ampliar\t\t\t\t\t\t\t\t<\/div>\n\t\t\t\t<\/div>\n\t\t\t\t\t<\/div>\n\t\t<\/div>\n\t\t\t\t\t<\/div>\n\t\t<\/section>\n\t\t\t\t<div class=\"elementor-element elementor-element-532e2d3 elementor-widget elementor-widget-image-gallery\" data-id=\"532e2d3\" data-element_type=\"widget\" data-e-type=\"widget\" data-widget_type=\"image-gallery.default\">\n\t\t\t\t<div class=\"elementor-widget-container\">\n\t\t\t\t\t\t\t<div class=\"elementor-image-gallery\">\n\t\t\t<div id='gallery-1' class='gallery galleryid-5352 gallery-columns-2 gallery-size-large'><figure class='gallery-item'>\n\t\t\t<div class='gallery-icon landscape'>\n\t\t\t\t<a data-elementor-open-lightbox=\"yes\" data-elementor-lightbox-slideshow=\"532e2d3\" data-elementor-lightbox-title=\"Industrial1\" data-e-action-hash=\"#elementor-action%3Aaction%3Dlightbox%26settings%3DeyJpZCI6NTY4MiwidXJsIjoiaHR0cHM6XC9cL2Fsb2VzdGUuY29tLmJyXC8yMDIzXC93cC1jb250ZW50XC91cGxvYWRzXC8yMDIzXC8xMVwvSW5kdXN0cmlhbDEuanBnIiwic2xpZGVzaG93IjoiNTMyZTJkMyJ9\" href='https:\/\/aloeste.com.br\/2023\/wp-content\/uploads\/2023\/11\/Industrial1.jpg'><img fetchpriority=\"high\" decoding=\"async\" width=\"1024\" height=\"655\" src=\"https:\/\/aloeste.com.br\/2023\/wp-content\/uploads\/2023\/11\/Industrial1-1024x655.jpg\" class=\"attachment-large size-large\" alt=\"\" srcset=\"https:\/\/aloeste.com.br\/2023\/wp-content\/uploads\/2023\/11\/Industrial1-1024x655.jpg 1024w, https:\/\/aloeste.com.br\/2023\/wp-content\/uploads\/2023\/11\/Industrial1-300x192.jpg 300w, https:\/\/aloeste.com.br\/2023\/wp-content\/uploads\/2023\/11\/Industrial1-768x492.jpg 768w, https:\/\/aloeste.com.br\/2023\/wp-content\/uploads\/2023\/11\/Industrial1.jpg 1250w\" sizes=\"(max-width: 1024px) 100vw, 1024px\" \/><\/a>\n\t\t\t<\/div><\/figure><figure class='gallery-item'>\n\t\t\t<div class='gallery-icon landscape'>\n\t\t\t\t<a data-elementor-open-lightbox=\"yes\" data-elementor-lightbox-slideshow=\"532e2d3\" data-elementor-lightbox-title=\"Industrial2\" data-e-action-hash=\"#elementor-action%3Aaction%3Dlightbox%26settings%3DeyJpZCI6NTY4MywidXJsIjoiaHR0cHM6XC9cL2Fsb2VzdGUuY29tLmJyXC8yMDIzXC93cC1jb250ZW50XC91cGxvYWRzXC8yMDIzXC8xMVwvSW5kdXN0cmlhbDIuanBnIiwic2xpZGVzaG93IjoiNTMyZTJkMyJ9\" href='https:\/\/aloeste.com.br\/2023\/wp-content\/uploads\/2023\/11\/Industrial2.jpg'><img decoding=\"async\" width=\"1024\" height=\"655\" src=\"https:\/\/aloeste.com.br\/2023\/wp-content\/uploads\/2023\/11\/Industrial2-1024x655.jpg\" class=\"attachment-large size-large\" alt=\"\" srcset=\"https:\/\/aloeste.com.br\/2023\/wp-content\/uploads\/2023\/11\/Industrial2-1024x655.jpg 1024w, https:\/\/aloeste.com.br\/2023\/wp-content\/uploads\/2023\/11\/Industrial2-300x192.jpg 300w, https:\/\/aloeste.com.br\/2023\/wp-content\/uploads\/2023\/11\/Industrial2-768x491.jpg 768w, https:\/\/aloeste.com.br\/2023\/wp-content\/uploads\/2023\/11\/Industrial2.jpg 1251w\" sizes=\"(max-width: 1024px) 100vw, 1024px\" \/><\/a>\n\t\t\t<\/div><\/figure><figure class='gallery-item'>\n\t\t\t<div class='gallery-icon landscape'>\n\t\t\t\t<a data-elementor-open-lightbox=\"yes\" data-elementor-lightbox-slideshow=\"532e2d3\" data-elementor-lightbox-title=\"Industrial3\" data-e-action-hash=\"#elementor-action%3Aaction%3Dlightbox%26settings%3DeyJpZCI6NTY4NSwidXJsIjoiaHR0cHM6XC9cL2Fsb2VzdGUuY29tLmJyXC8yMDIzXC93cC1jb250ZW50XC91cGxvYWRzXC8yMDIzXC8xMVwvSW5kdXN0cmlhbDMuanBnIiwic2xpZGVzaG93IjoiNTMyZTJkMyJ9\" href='https:\/\/aloeste.com.br\/2023\/wp-content\/uploads\/2023\/11\/Industrial3.jpg'><img decoding=\"async\" width=\"1024\" height=\"655\" src=\"https:\/\/aloeste.com.br\/2023\/wp-content\/uploads\/2023\/11\/Industrial3-1024x655.jpg\" class=\"attachment-large size-large\" alt=\"\" srcset=\"https:\/\/aloeste.com.br\/2023\/wp-content\/uploads\/2023\/11\/Industrial3-1024x655.jpg 1024w, https:\/\/aloeste.com.br\/2023\/wp-content\/uploads\/2023\/11\/Industrial3-300x192.jpg 300w, https:\/\/aloeste.com.br\/2023\/wp-content\/uploads\/2023\/11\/Industrial3-768x491.jpg 768w, https:\/\/aloeste.com.br\/2023\/wp-content\/uploads\/2023\/11\/Industrial3.jpg 1251w\" sizes=\"(max-width: 1024px) 100vw, 1024px\" \/><\/a>\n\t\t\t<\/div><\/figure><figure class='gallery-item'>\n\t\t\t<div class='gallery-icon landscape'>\n\t\t\t\t<a data-elementor-open-lightbox=\"yes\" data-elementor-lightbox-slideshow=\"532e2d3\" data-elementor-lightbox-title=\"Industrial4\" data-e-action-hash=\"#elementor-action%3Aaction%3Dlightbox%26settings%3DeyJpZCI6NTY4NiwidXJsIjoiaHR0cHM6XC9cL2Fsb2VzdGUuY29tLmJyXC8yMDIzXC93cC1jb250ZW50XC91cGxvYWRzXC8yMDIzXC8xMVwvSW5kdXN0cmlhbDQuanBnIiwic2xpZGVzaG93IjoiNTMyZTJkMyJ9\" href='https:\/\/aloeste.com.br\/2023\/wp-content\/uploads\/2023\/11\/Industrial4.jpg'><img loading=\"lazy\" decoding=\"async\" width=\"1024\" height=\"655\" src=\"https:\/\/aloeste.com.br\/2023\/wp-content\/uploads\/2023\/11\/Industrial4-1024x655.jpg\" class=\"attachment-large size-large\" alt=\"\" srcset=\"https:\/\/aloeste.com.br\/2023\/wp-content\/uploads\/2023\/11\/Industrial4-1024x655.jpg 1024w, https:\/\/aloeste.com.br\/2023\/wp-content\/uploads\/2023\/11\/Industrial4-300x192.jpg 300w, https:\/\/aloeste.com.br\/2023\/wp-content\/uploads\/2023\/11\/Industrial4-768x491.jpg 768w, https:\/\/aloeste.com.br\/2023\/wp-content\/uploads\/2023\/11\/Industrial4.jpg 1251w\" sizes=\"(max-width: 1024px) 100vw, 1024px\" \/><\/a>\n\t\t\t<\/div><\/figure><figure class='gallery-item'>\n\t\t\t<div class='gallery-icon landscape'>\n\t\t\t\t<a data-elementor-open-lightbox=\"yes\" data-elementor-lightbox-slideshow=\"532e2d3\" data-elementor-lightbox-title=\"Industrial5\" data-e-action-hash=\"#elementor-action%3Aaction%3Dlightbox%26settings%3DeyJpZCI6NTY4NywidXJsIjoiaHR0cHM6XC9cL2Fsb2VzdGUuY29tLmJyXC8yMDIzXC93cC1jb250ZW50XC91cGxvYWRzXC8yMDIzXC8xMVwvSW5kdXN0cmlhbDUuanBnIiwic2xpZGVzaG93IjoiNTMyZTJkMyJ9\" href='https:\/\/aloeste.com.br\/2023\/wp-content\/uploads\/2023\/11\/Industrial5.jpg'><img loading=\"lazy\" decoding=\"async\" width=\"1024\" height=\"655\" src=\"https:\/\/aloeste.com.br\/2023\/wp-content\/uploads\/2023\/11\/Industrial5-1024x655.jpg\" class=\"attachment-large size-large\" alt=\"\" srcset=\"https:\/\/aloeste.com.br\/2023\/wp-content\/uploads\/2023\/11\/Industrial5-1024x655.jpg 1024w, https:\/\/aloeste.com.br\/2023\/wp-content\/uploads\/2023\/11\/Industrial5-300x192.jpg 300w, https:\/\/aloeste.com.br\/2023\/wp-content\/uploads\/2023\/11\/Industrial5-768x491.jpg 768w, https:\/\/aloeste.com.br\/2023\/wp-content\/uploads\/2023\/11\/Industrial5.jpg 1251w\" sizes=\"(max-width: 1024px) 100vw, 1024px\" \/><\/a>\n\t\t\t<\/div><\/figure><figure class='gallery-item'>\n\t\t\t<div class='gallery-icon landscape'>\n\t\t\t\t<a data-elementor-open-lightbox=\"yes\" data-elementor-lightbox-slideshow=\"532e2d3\" data-elementor-lightbox-title=\"Industrial6\" data-e-action-hash=\"#elementor-action%3Aaction%3Dlightbox%26settings%3DeyJpZCI6NTY4OCwidXJsIjoiaHR0cHM6XC9cL2Fsb2VzdGUuY29tLmJyXC8yMDIzXC93cC1jb250ZW50XC91cGxvYWRzXC8yMDIzXC8xMVwvSW5kdXN0cmlhbDYuanBnIiwic2xpZGVzaG93IjoiNTMyZTJkMyJ9\" href='https:\/\/aloeste.com.br\/2023\/wp-content\/uploads\/2023\/11\/Industrial6.jpg'><img loading=\"lazy\" decoding=\"async\" width=\"1024\" height=\"655\" src=\"https:\/\/aloeste.com.br\/2023\/wp-content\/uploads\/2023\/11\/Industrial6-1024x655.jpg\" class=\"attachment-large size-large\" alt=\"\" srcset=\"https:\/\/aloeste.com.br\/2023\/wp-content\/uploads\/2023\/11\/Industrial6-1024x655.jpg 1024w, https:\/\/aloeste.com.br\/2023\/wp-content\/uploads\/2023\/11\/Industrial6-300x192.jpg 300w, https:\/\/aloeste.com.br\/2023\/wp-content\/uploads\/2023\/11\/Industrial6-768x491.jpg 768w, https:\/\/aloeste.com.br\/2023\/wp-content\/uploads\/2023\/11\/Industrial6.jpg 1251w\" sizes=\"(max-width: 1024px) 100vw, 1024px\" \/><\/a>\n\t\t\t<\/div><\/figure><figure class='gallery-item'>\n\t\t\t<div class='gallery-icon landscape'>\n\t\t\t\t<a data-elementor-open-lightbox=\"yes\" data-elementor-lightbox-slideshow=\"532e2d3\" data-elementor-lightbox-title=\"Industrial7\" data-e-action-hash=\"#elementor-action%3Aaction%3Dlightbox%26settings%3DeyJpZCI6NTY4OSwidXJsIjoiaHR0cHM6XC9cL2Fsb2VzdGUuY29tLmJyXC8yMDIzXC93cC1jb250ZW50XC91cGxvYWRzXC8yMDIzXC8xMVwvSW5kdXN0cmlhbDcuanBnIiwic2xpZGVzaG93IjoiNTMyZTJkMyJ9\" href='https:\/\/aloeste.com.br\/2023\/wp-content\/uploads\/2023\/11\/Industrial7.jpg'><img loading=\"lazy\" decoding=\"async\" width=\"1024\" height=\"655\" src=\"https:\/\/aloeste.com.br\/2023\/wp-content\/uploads\/2023\/11\/Industrial7-1024x655.jpg\" class=\"attachment-large size-large\" alt=\"\" srcset=\"https:\/\/aloeste.com.br\/2023\/wp-content\/uploads\/2023\/11\/Industrial7-1024x655.jpg 1024w, https:\/\/aloeste.com.br\/2023\/wp-content\/uploads\/2023\/11\/Industrial7-300x192.jpg 300w, https:\/\/aloeste.com.br\/2023\/wp-content\/uploads\/2023\/11\/Industrial7-768x491.jpg 768w, https:\/\/aloeste.com.br\/2023\/wp-content\/uploads\/2023\/11\/Industrial7.jpg 1251w\" sizes=\"(max-width: 1024px) 100vw, 1024px\" \/><\/a>\n\t\t\t<\/div><\/figure><figure class='gallery-item'>\n\t\t\t<div class='gallery-icon landscape'>\n\t\t\t\t<a data-elementor-open-lightbox=\"yes\" data-elementor-lightbox-slideshow=\"532e2d3\" data-elementor-lightbox-title=\"Industrial8\" data-e-action-hash=\"#elementor-action%3Aaction%3Dlightbox%26settings%3DeyJpZCI6NTY5MCwidXJsIjoiaHR0cHM6XC9cL2Fsb2VzdGUuY29tLmJyXC8yMDIzXC93cC1jb250ZW50XC91cGxvYWRzXC8yMDIzXC8xMVwvSW5kdXN0cmlhbDguanBnIiwic2xpZGVzaG93IjoiNTMyZTJkMyJ9\" href='https:\/\/aloeste.com.br\/2023\/wp-content\/uploads\/2023\/11\/Industrial8.jpg'><img loading=\"lazy\" decoding=\"async\" width=\"1024\" height=\"655\" src=\"https:\/\/aloeste.com.br\/2023\/wp-content\/uploads\/2023\/11\/Industrial8-1024x655.jpg\" class=\"attachment-large size-large\" alt=\"\" srcset=\"https:\/\/aloeste.com.br\/2023\/wp-content\/uploads\/2023\/11\/Industrial8-1024x655.jpg 1024w, https:\/\/aloeste.com.br\/2023\/wp-content\/uploads\/2023\/11\/Industrial8-300x192.jpg 300w, https:\/\/aloeste.com.br\/2023\/wp-content\/uploads\/2023\/11\/Industrial8-768x491.jpg 768w, https:\/\/aloeste.com.br\/2023\/wp-content\/uploads\/2023\/11\/Industrial8.jpg 1251w\" sizes=\"(max-width: 1024px) 100vw, 1024px\" \/><\/a>\n\t\t\t<\/div><\/figure><figure class='gallery-item'>\n\t\t\t<div class='gallery-icon landscape'>\n\t\t\t\t<a data-elementor-open-lightbox=\"yes\" data-elementor-lightbox-slideshow=\"532e2d3\" data-elementor-lightbox-title=\"Industrial9\" data-e-action-hash=\"#elementor-action%3Aaction%3Dlightbox%26settings%3DeyJpZCI6NTY5MSwidXJsIjoiaHR0cHM6XC9cL2Fsb2VzdGUuY29tLmJyXC8yMDIzXC93cC1jb250ZW50XC91cGxvYWRzXC8yMDIzXC8xMVwvSW5kdXN0cmlhbDkuanBnIiwic2xpZGVzaG93IjoiNTMyZTJkMyJ9\" href='https:\/\/aloeste.com.br\/2023\/wp-content\/uploads\/2023\/11\/Industrial9.jpg'><img loading=\"lazy\" decoding=\"async\" width=\"1024\" height=\"655\" src=\"https:\/\/aloeste.com.br\/2023\/wp-content\/uploads\/2023\/11\/Industrial9-1024x655.jpg\" class=\"attachment-large size-large\" alt=\"\" srcset=\"https:\/\/aloeste.com.br\/2023\/wp-content\/uploads\/2023\/11\/Industrial9-1024x655.jpg 1024w, https:\/\/aloeste.com.br\/2023\/wp-content\/uploads\/2023\/11\/Industrial9-300x192.jpg 300w, https:\/\/aloeste.com.br\/2023\/wp-content\/uploads\/2023\/11\/Industrial9-768x491.jpg 768w, https:\/\/aloeste.com.br\/2023\/wp-content\/uploads\/2023\/11\/Industrial9.jpg 1251w\" sizes=\"(max-width: 1024px) 100vw, 1024px\" \/><\/a>\n\t\t\t<\/div><\/figure><figure class='gallery-item'>\n\t\t\t<div class='gallery-icon landscape'>\n\t\t\t\t<a data-elementor-open-lightbox=\"yes\" data-elementor-lightbox-slideshow=\"532e2d3\" data-elementor-lightbox-title=\"Industrial10\" data-e-action-hash=\"#elementor-action%3Aaction%3Dlightbox%26settings%3DeyJpZCI6NTY5MiwidXJsIjoiaHR0cHM6XC9cL2Fsb2VzdGUuY29tLmJyXC8yMDIzXC93cC1jb250ZW50XC91cGxvYWRzXC8yMDIzXC8xMVwvSW5kdXN0cmlhbDEwLmpwZyIsInNsaWRlc2hvdyI6IjUzMmUyZDMifQ%3D%3D\" href='https:\/\/aloeste.com.br\/2023\/wp-content\/uploads\/2023\/11\/Industrial10.jpg'><img loading=\"lazy\" decoding=\"async\" width=\"1024\" height=\"655\" src=\"https:\/\/aloeste.com.br\/2023\/wp-content\/uploads\/2023\/11\/Industrial10-1024x655.jpg\" class=\"attachment-large size-large\" alt=\"\" srcset=\"https:\/\/aloeste.com.br\/2023\/wp-content\/uploads\/2023\/11\/Industrial10-1024x655.jpg 1024w, https:\/\/aloeste.com.br\/2023\/wp-content\/uploads\/2023\/11\/Industrial10-300x192.jpg 300w, https:\/\/aloeste.com.br\/2023\/wp-content\/uploads\/2023\/11\/Industrial10-768x491.jpg 768w, https:\/\/aloeste.com.br\/2023\/wp-content\/uploads\/2023\/11\/Industrial10.jpg 1251w\" sizes=\"(max-width: 1024px) 100vw, 1024px\" \/><\/a>\n\t\t\t<\/div><\/figure><figure class='gallery-item'>\n\t\t\t<div class='gallery-icon landscape'>\n\t\t\t\t<a data-elementor-open-lightbox=\"yes\" data-elementor-lightbox-slideshow=\"532e2d3\" data-elementor-lightbox-title=\"Industrial11\" data-e-action-hash=\"#elementor-action%3Aaction%3Dlightbox%26settings%3DeyJpZCI6NTY5MywidXJsIjoiaHR0cHM6XC9cL2Fsb2VzdGUuY29tLmJyXC8yMDIzXC93cC1jb250ZW50XC91cGxvYWRzXC8yMDIzXC8xMVwvSW5kdXN0cmlhbDExLmpwZyIsInNsaWRlc2hvdyI6IjUzMmUyZDMifQ%3D%3D\" href='https:\/\/aloeste.com.br\/2023\/wp-content\/uploads\/2023\/11\/Industrial11.jpg'><img loading=\"lazy\" decoding=\"async\" width=\"1024\" height=\"655\" src=\"https:\/\/aloeste.com.br\/2023\/wp-content\/uploads\/2023\/11\/Industrial11-1024x655.jpg\" class=\"attachment-large size-large\" alt=\"\" srcset=\"https:\/\/aloeste.com.br\/2023\/wp-content\/uploads\/2023\/11\/Industrial11-1024x655.jpg 1024w, https:\/\/aloeste.com.br\/2023\/wp-content\/uploads\/2023\/11\/Industrial11-300x192.jpg 300w, https:\/\/aloeste.com.br\/2023\/wp-content\/uploads\/2023\/11\/Industrial11-768x491.jpg 768w, https:\/\/aloeste.com.br\/2023\/wp-content\/uploads\/2023\/11\/Industrial11.jpg 1251w\" sizes=\"(max-width: 1024px) 100vw, 1024px\" \/><\/a>\n\t\t\t<\/div><\/figure><figure class='gallery-item'>\n\t\t\t<div class='gallery-icon landscape'>\n\t\t\t\t<a data-elementor-open-lightbox=\"yes\" data-elementor-lightbox-slideshow=\"532e2d3\" data-elementor-lightbox-title=\"Industrial12\" data-e-action-hash=\"#elementor-action%3Aaction%3Dlightbox%26settings%3DeyJpZCI6NTY5NCwidXJsIjoiaHR0cHM6XC9cL2Fsb2VzdGUuY29tLmJyXC8yMDIzXC93cC1jb250ZW50XC91cGxvYWRzXC8yMDIzXC8xMVwvSW5kdXN0cmlhbDEyLmpwZyIsInNsaWRlc2hvdyI6IjUzMmUyZDMifQ%3D%3D\" href='https:\/\/aloeste.com.br\/2023\/wp-content\/uploads\/2023\/11\/Industrial12.jpg'><img loading=\"lazy\" decoding=\"async\" width=\"1024\" height=\"655\" src=\"https:\/\/aloeste.com.br\/2023\/wp-content\/uploads\/2023\/11\/Industrial12-1024x655.jpg\" class=\"attachment-large size-large\" alt=\"\" srcset=\"https:\/\/aloeste.com.br\/2023\/wp-content\/uploads\/2023\/11\/Industrial12-1024x655.jpg 1024w, https:\/\/aloeste.com.br\/2023\/wp-content\/uploads\/2023\/11\/Industrial12-300x192.jpg 300w, https:\/\/aloeste.com.br\/2023\/wp-content\/uploads\/2023\/11\/Industrial12-768x491.jpg 768w, https:\/\/aloeste.com.br\/2023\/wp-content\/uploads\/2023\/11\/Industrial12.jpg 1251w\" sizes=\"(max-width: 1024px) 100vw, 1024px\" \/><\/a>\n\t\t\t<\/div><\/figure><figure class='gallery-item'>\n\t\t\t<div class='gallery-icon landscape'>\n\t\t\t\t<a data-elementor-open-lightbox=\"yes\" data-elementor-lightbox-slideshow=\"532e2d3\" data-elementor-lightbox-title=\"Industrial13\" data-e-action-hash=\"#elementor-action%3Aaction%3Dlightbox%26settings%3DeyJpZCI6NTY5NSwidXJsIjoiaHR0cHM6XC9cL2Fsb2VzdGUuY29tLmJyXC8yMDIzXC93cC1jb250ZW50XC91cGxvYWRzXC8yMDIzXC8xMVwvSW5kdXN0cmlhbDEzLmpwZyIsInNsaWRlc2hvdyI6IjUzMmUyZDMifQ%3D%3D\" href='https:\/\/aloeste.com.br\/2023\/wp-content\/uploads\/2023\/11\/Industrial13.jpg'><img loading=\"lazy\" decoding=\"async\" width=\"1024\" height=\"655\" src=\"https:\/\/aloeste.com.br\/2023\/wp-content\/uploads\/2023\/11\/Industrial13-1024x655.jpg\" class=\"attachment-large size-large\" alt=\"\" srcset=\"https:\/\/aloeste.com.br\/2023\/wp-content\/uploads\/2023\/11\/Industrial13-1024x655.jpg 1024w, https:\/\/aloeste.com.br\/2023\/wp-content\/uploads\/2023\/11\/Industrial13-300x192.jpg 300w, https:\/\/aloeste.com.br\/2023\/wp-content\/uploads\/2023\/11\/Industrial13-768x491.jpg 768w, https:\/\/aloeste.com.br\/2023\/wp-content\/uploads\/2023\/11\/Industrial13.jpg 1251w\" sizes=\"(max-width: 1024px) 100vw, 1024px\" \/><\/a>\n\t\t\t<\/div><\/figure><figure class='gallery-item'>\n\t\t\t<div class='gallery-icon landscape'>\n\t\t\t\t<a data-elementor-open-lightbox=\"yes\" data-elementor-lightbox-slideshow=\"532e2d3\" data-elementor-lightbox-title=\"Industrial14\" data-e-action-hash=\"#elementor-action%3Aaction%3Dlightbox%26settings%3DeyJpZCI6NTY5NiwidXJsIjoiaHR0cHM6XC9cL2Fsb2VzdGUuY29tLmJyXC8yMDIzXC93cC1jb250ZW50XC91cGxvYWRzXC8yMDIzXC8xMVwvSW5kdXN0cmlhbDE0LmpwZyIsInNsaWRlc2hvdyI6IjUzMmUyZDMifQ%3D%3D\" href='https:\/\/aloeste.com.br\/2023\/wp-content\/uploads\/2023\/11\/Industrial14.jpg'><img loading=\"lazy\" decoding=\"async\" width=\"1024\" height=\"655\" src=\"https:\/\/aloeste.com.br\/2023\/wp-content\/uploads\/2023\/11\/Industrial14-1024x655.jpg\" class=\"attachment-large size-large\" alt=\"\" srcset=\"https:\/\/aloeste.com.br\/2023\/wp-content\/uploads\/2023\/11\/Industrial14-1024x655.jpg 1024w, https:\/\/aloeste.com.br\/2023\/wp-content\/uploads\/2023\/11\/Industrial14-300x192.jpg 300w, https:\/\/aloeste.com.br\/2023\/wp-content\/uploads\/2023\/11\/Industrial14-768x491.jpg 768w, https:\/\/aloeste.com.br\/2023\/wp-content\/uploads\/2023\/11\/Industrial14.jpg 1251w\" sizes=\"(max-width: 1024px) 100vw, 1024px\" \/><\/a>\n\t\t\t<\/div><\/figure><figure class='gallery-item'>\n\t\t\t<div class='gallery-icon landscape'>\n\t\t\t\t<a data-elementor-open-lightbox=\"yes\" data-elementor-lightbox-slideshow=\"532e2d3\" data-elementor-lightbox-title=\"Industrial15\" data-e-action-hash=\"#elementor-action%3Aaction%3Dlightbox%26settings%3DeyJpZCI6NTY5NywidXJsIjoiaHR0cHM6XC9cL2Fsb2VzdGUuY29tLmJyXC8yMDIzXC93cC1jb250ZW50XC91cGxvYWRzXC8yMDIzXC8xMVwvSW5kdXN0cmlhbDE1LmpwZyIsInNsaWRlc2hvdyI6IjUzMmUyZDMifQ%3D%3D\" href='https:\/\/aloeste.com.br\/2023\/wp-content\/uploads\/2023\/11\/Industrial15.jpg'><img loading=\"lazy\" decoding=\"async\" width=\"1024\" height=\"655\" src=\"https:\/\/aloeste.com.br\/2023\/wp-content\/uploads\/2023\/11\/Industrial15-1024x655.jpg\" class=\"attachment-large size-large\" alt=\"\" srcset=\"https:\/\/aloeste.com.br\/2023\/wp-content\/uploads\/2023\/11\/Industrial15-1024x655.jpg 1024w, https:\/\/aloeste.com.br\/2023\/wp-content\/uploads\/2023\/11\/Industrial15-300x192.jpg 300w, https:\/\/aloeste.com.br\/2023\/wp-content\/uploads\/2023\/11\/Industrial15-768x491.jpg 768w, https:\/\/aloeste.com.br\/2023\/wp-content\/uploads\/2023\/11\/Industrial15.jpg 1251w\" sizes=\"(max-width: 1024px) 100vw, 1024px\" \/><\/a>\n\t\t\t<\/div><\/figure>\n\t\t<\/div>\n\t\t<\/div>\n\t\t\t\t\t\t<\/div>\n\t\t\t\t<\/div>\n\t\t\t\t\t<\/div>\n\t\t<\/div>\n\t\t\t\t\t<\/div>\n\t\t<\/section>\n\t\t\t\t<section class=\"elementor-section elementor-top-section elementor-element elementor-element-e561a71 elementor-section-boxed elementor-section-height-default elementor-section-height-default\" data-id=\"e561a71\" data-element_type=\"section\" data-e-type=\"section\">\n\t\t\t\t\t\t<div class=\"elementor-container elementor-column-gap-default\">\n\t\t\t\t\t<div class=\"elementor-column elementor-col-100 elementor-top-column elementor-element elementor-element-13e3f57\" data-id=\"13e3f57\" data-element_type=\"column\" data-e-type=\"column\">\n\t\t\t<div class=\"elementor-widget-wrap elementor-element-populated\">\n\t\t\t\t\t\t<div class=\"elementor-element elementor-element-94e5fcc elementor-widget elementor-widget-heading\" data-id=\"94e5fcc\" data-element_type=\"widget\" data-e-type=\"widget\" data-widget_type=\"heading.default\">\n\t\t\t\t<div class=\"elementor-widget-container\">\n\t\t\t\t\t<p class=\"elementor-heading-title elementor-size-default\"><a href=\"https:\/\/aloeste.com.br\/2023\/produtos\/\">\u23ce VOLTAR<\/a><\/p>\t\t\t\t<\/div>\n\t\t\t\t<\/div>\n\t\t\t\t\t<\/div>\n\t\t<\/div>\n\t\t\t\t\t<\/div>\n\t\t<\/section>\n\t\t\t\t<section class=\"elementor-section elementor-top-section elementor-element elementor-element-318b74f elementor-section-boxed elementor-section-height-default elementor-section-height-default\" data-id=\"318b74f\" data-element_type=\"section\" data-e-type=\"section\">\n\t\t\t\t\t\t<div class=\"elementor-container elementor-column-gap-default\">\n\t\t\t\t\t<div class=\"elementor-column elementor-col-100 elementor-top-column elementor-element elementor-element-50f5590\" data-id=\"50f5590\" data-element_type=\"column\" data-e-type=\"column\">\n\t\t\t<div class=\"elementor-widget-wrap elementor-element-populated\">\n\t\t\t\t\t\t<div class=\"elementor-element elementor-element-4b4f165 elementor-widget elementor-widget-spacer\" data-id=\"4b4f165\" data-element_type=\"widget\" data-e-type=\"widget\" data-widget_type=\"spacer.default\">\n\t\t\t\t<div class=\"elementor-widget-container\">\n\t\t\t\t\t\t\t<div class=\"elementor-spacer\">\n\t\t\t<div class=\"elementor-spacer-inner\"><\/div>\n\t\t<\/div>\n\t\t\t\t\t\t<\/div>\n\t\t\t\t<\/div>\n\t\t\t\t\t<\/div>\n\t\t<\/div>\n\t\t\t\t\t<\/div>\n\t\t<\/section>\n\t\t\t\t<\/div>\n\t\t","protected":false},"excerpt":{"rendered":"<p>Linha Industrial Explore a robustez e efici\u00eancia dos produtos industriais da Aloeste, dedicados \u00e0s necessidades espec\u00edficas de redes supermercadistas e mercados. Nossa linha de panelas polidas industriais \u00e9 projetada para atender \u00e0s demandas comerciais, oferecendo durabilidade e desempenho excepcionais. Descubra como a Aloeste pode ser sua parceira<\/p>\n","protected":false},"author":1,"featured_media":0,"parent":0,"menu_order":0,"comment_status":"closed","ping_status":"closed","template":"","meta":{"footnotes":""},"class_list":["post-5352","page","type-page","status-publish","hentry"],"_links":{"self":[{"href":"https:\/\/aloeste.com.br\/2023\/wp-json\/wp\/v2\/pages\/5352","targetHints":{"allow":["GET"]}}],"collection":[{"href":"https:\/\/aloeste.com.br\/2023\/wp-json\/wp\/v2\/pages"}],"about":[{"href":"https:\/\/aloeste.com.br\/2023\/wp-json\/wp\/v2\/types\/page"}],"author":[{"embeddable":true,"href":"https:\/\/aloeste.com.br\/2023\/wp-json\/wp\/v2\/users\/1"}],"replies":[{"embeddable":true,"href":"https:\/\/aloeste.com.br\/2023\/wp-json\/wp\/v2\/comments?post=5352"}],"version-history":[{"count":23,"href":"https:\/\/aloeste.com.br\/2023\/wp-json\/wp\/v2\/pages\/5352\/revisions"}],"predecessor-version":[{"id":5790,"href":"https:\/\/aloeste.com.br\/2023\/wp-json\/wp\/v2\/pages\/5352\/revisions\/5790"}],"wp:attachment":[{"href":"https:\/\/aloeste.com.br\/2023\/wp-json\/wp\/v2\/media?parent=5352"}],"curies":[{"name":"wp","href":"https:\/\/api.w.org\/{rel}","templated":true}]}}