{"id":5234,"date":"2023-11-19T20:21:18","date_gmt":"2023-11-19T20:21:18","guid":{"rendered":"https:\/\/aloeste.com.br\/2023\/?page_id=5234"},"modified":"2023-11-20T21:53:49","modified_gmt":"2023-11-20T21:53:49","slug":"comercial","status":"publish","type":"page","link":"https:\/\/aloeste.com.br\/2023\/comercial\/","title":{"rendered":"Comercial"},"content":{"rendered":"\t\t<div data-elementor-type=\"wp-page\" data-elementor-id=\"5234\" class=\"elementor elementor-5234\">\n\t\t\t\t\t\t<section class=\"elementor-section elementor-top-section elementor-element elementor-element-6ec6f9c elementor-section-boxed elementor-section-height-default elementor-section-height-default\" data-id=\"6ec6f9c\" data-element_type=\"section\" data-e-type=\"section\">\n\t\t\t\t\t\t<div class=\"elementor-container elementor-column-gap-default\">\n\t\t\t\t\t<div class=\"elementor-column elementor-col-100 elementor-top-column elementor-element elementor-element-ae40599\" data-id=\"ae40599\" data-element_type=\"column\" data-e-type=\"column\">\n\t\t\t<div class=\"elementor-widget-wrap\">\n\t\t\t\t\t\t\t<\/div>\n\t\t<\/div>\n\t\t\t\t\t<\/div>\n\t\t<\/section>\n\t\t\t\t<section class=\"elementor-section elementor-top-section elementor-element elementor-element-2eb60be elementor-section-boxed elementor-section-height-default elementor-section-height-default\" data-id=\"2eb60be\" data-element_type=\"section\" data-e-type=\"section\">\n\t\t\t\t\t\t<div class=\"elementor-container elementor-column-gap-default\">\n\t\t\t\t\t<div class=\"elementor-column elementor-col-100 elementor-top-column elementor-element elementor-element-a739ebc\" data-id=\"a739ebc\" data-element_type=\"column\" data-e-type=\"column\">\n\t\t\t<div class=\"elementor-widget-wrap elementor-element-populated\">\n\t\t\t\t\t\t<div class=\"elementor-element elementor-element-a2fbd41 elementor-widget elementor-widget-spacer\" data-id=\"a2fbd41\" data-element_type=\"widget\" data-e-type=\"widget\" data-widget_type=\"spacer.default\">\n\t\t\t\t<div class=\"elementor-widget-container\">\n\t\t\t\t\t\t\t<div class=\"elementor-spacer\">\n\t\t\t<div class=\"elementor-spacer-inner\"><\/div>\n\t\t<\/div>\n\t\t\t\t\t\t<\/div>\n\t\t\t\t<\/div>\n\t\t\t\t<section class=\"elementor-section elementor-inner-section elementor-element elementor-element-87cbb58 elementor-section-boxed elementor-section-height-default elementor-section-height-default\" data-id=\"87cbb58\" data-element_type=\"section\" data-e-type=\"section\">\n\t\t\t\t\t\t<div class=\"elementor-container elementor-column-gap-extended\">\n\t\t\t\t\t<div class=\"elementor-column elementor-col-50 elementor-inner-column elementor-element elementor-element-4dc70d2\" data-id=\"4dc70d2\" data-element_type=\"column\" data-e-type=\"column\">\n\t\t\t<div class=\"elementor-widget-wrap elementor-element-populated\">\n\t\t\t\t\t\t<div class=\"elementor-element elementor-element-89dbc85 align-left elementor-widget elementor-widget-mae-headings\" data-id=\"89dbc85\" data-element_type=\"widget\" data-e-type=\"widget\" data-widget_type=\"mae-headings.default\">\n\t\t\t\t<div class=\"elementor-widget-container\">\n\t\t\t\t\t\t\t<div class=\"master-heading\">\n\t        \n\t        \t        <h2 class=\"main-heading\">Comercial<\/h2>\n\t        \n\t        \t        <div class=\"divider\"><\/div>\n\t        \n\t        \t    <\/div>\n\t    \t\t\t\t<\/div>\n\t\t\t\t<\/div>\n\t\t\t\t<div class=\"elementor-element elementor-element-3229c4f elementor-widget elementor-widget-text-editor\" data-id=\"3229c4f\" data-element_type=\"widget\" data-e-type=\"widget\" data-widget_type=\"text-editor.default\">\n\t\t\t\t<div class=\"elementor-widget-container\">\n\t\t\t\t\t\t\t\t\t<p>Na Aloeste, acreditamos que a qualidade de nossos produtos se estende \u00e0 qualidade do servi\u00e7o que oferecemos. Nossa equipe comercial \u00e9 formada por profissionais comprometidos e apaixonados pelo que fazem. Com expertise no mercado de alum\u00ednio repuxado, eles est\u00e3o prontos para entender suas necessidades e oferecer solu\u00e7\u00f5es personalizadas.<\/p><p>Nosso atendimento ao cliente vai al\u00e9m do esperado. Estamos dedicados a proporcionar uma experi\u00eancia de compra que seja t\u00e3o excepcional quanto nossos produtos. Desde o primeiro contato at\u00e9 a entrega, cada intera\u00e7\u00e3o \u00e9 marcada pela efici\u00eancia, cortesia e respeito.<\/p><p>A transpar\u00eancia \u00e9 um valor essencial para n\u00f3s. Nossa equipe est\u00e1 sempre dispon\u00edvel para esclarecer d\u00favidas, fornecer informa\u00e7\u00f5es detalhadas sobre nossos produtos e auxiliar no processo de compra. Seja para grandes redes de supermercados ou mercados locais, cada cliente \u00e9 valorizado e recebe aten\u00e7\u00e3o personalizada.<\/p><p>Na Aloeste, n\u00e3o apenas vendemos panelas, mas constru\u00edmos rela\u00e7\u00f5es duradouras. Estamos aqui para ajud\u00e1-lo a encontrar as melhores solu\u00e7\u00f5es para suas necessidades comerciais, garantindo que sua experi\u00eancia conosco seja t\u00e3o positiva quanto a qualidade de nossos produtos. Conte conosco para elevar sua oferta de utens\u00edlios de cozinha com efici\u00eancia, profissionalismo e um toque de calor humano.<\/p>\t\t\t\t\t\t\t\t<\/div>\n\t\t\t\t<\/div>\n\t\t\t\t\t<\/div>\n\t\t<\/div>\n\t\t\t\t<div class=\"elementor-column elementor-col-50 elementor-inner-column elementor-element elementor-element-6bbecb4\" data-id=\"6bbecb4\" data-element_type=\"column\" data-e-type=\"column\">\n\t\t\t<div class=\"elementor-widget-wrap elementor-element-populated\">\n\t\t\t\t\t\t<div class=\"elementor-element elementor-element-444e33e elementor-widget elementor-widget-image\" data-id=\"444e33e\" data-element_type=\"widget\" data-e-type=\"widget\" data-widget_type=\"image.default\">\n\t\t\t\t<div class=\"elementor-widget-container\">\n\t\t\t\t\t\t\t\t\t\t\t\t\t\t\t<img fetchpriority=\"high\" decoding=\"async\" width=\"1707\" height=\"2560\" src=\"https:\/\/aloeste.com.br\/2023\/wp-content\/uploads\/2023\/11\/happy-friends-library-scaled.jpg\" class=\"attachment-full size-full wp-image-5639\" alt=\"\" srcset=\"https:\/\/aloeste.com.br\/2023\/wp-content\/uploads\/2023\/11\/happy-friends-library-scaled.jpg 1707w, https:\/\/aloeste.com.br\/2023\/wp-content\/uploads\/2023\/11\/happy-friends-library-200x300.jpg 200w, https:\/\/aloeste.com.br\/2023\/wp-content\/uploads\/2023\/11\/happy-friends-library-683x1024.jpg 683w, https:\/\/aloeste.com.br\/2023\/wp-content\/uploads\/2023\/11\/happy-friends-library-768x1152.jpg 768w, https:\/\/aloeste.com.br\/2023\/wp-content\/uploads\/2023\/11\/happy-friends-library-1024x1536.jpg 1024w, https:\/\/aloeste.com.br\/2023\/wp-content\/uploads\/2023\/11\/happy-friends-library-1365x2048.jpg 1365w\" sizes=\"(max-width: 1707px) 100vw, 1707px\" \/>\t\t\t\t\t\t\t\t\t\t\t\t\t\t\t<\/div>\n\t\t\t\t<\/div>\n\t\t\t\t\t<\/div>\n\t\t<\/div>\n\t\t\t\t\t<\/div>\n\t\t<\/section>\n\t\t\t\t<div class=\"elementor-element elementor-element-59d5f2a elementor-widget elementor-widget-spacer\" data-id=\"59d5f2a\" data-element_type=\"widget\" data-e-type=\"widget\" data-widget_type=\"spacer.default\">\n\t\t\t\t<div class=\"elementor-widget-container\">\n\t\t\t\t\t\t\t<div class=\"elementor-spacer\">\n\t\t\t<div class=\"elementor-spacer-inner\"><\/div>\n\t\t<\/div>\n\t\t\t\t\t\t<\/div>\n\t\t\t\t<\/div>\n\t\t\t\t\t<\/div>\n\t\t<\/div>\n\t\t\t\t\t<\/div>\n\t\t<\/section>\n\t\t\t\t<section class=\"elementor-section elementor-top-section elementor-element elementor-element-3163b13 elementor-section-boxed elementor-section-height-default elementor-section-height-default\" data-id=\"3163b13\" data-element_type=\"section\" data-e-type=\"section\">\n\t\t\t\t\t\t<div class=\"elementor-container elementor-column-gap-default\">\n\t\t\t\t\t<div class=\"elementor-column elementor-col-100 elementor-top-column elementor-element elementor-element-052ba49\" data-id=\"052ba49\" data-element_type=\"column\" data-e-type=\"column\">\n\t\t\t<div class=\"elementor-widget-wrap elementor-element-populated\">\n\t\t\t\t\t\t<div class=\"elementor-element elementor-element-3693728 elementor-widget elementor-widget-heading\" data-id=\"3693728\" data-element_type=\"widget\" data-e-type=\"widget\" data-widget_type=\"heading.default\">\n\t\t\t\t<div class=\"elementor-widget-container\">\n\t\t\t\t\t<p class=\"elementor-heading-title elementor-size-default\"><a href=\"https:\/\/aloeste.com.br\/2023\/\">\u23ce VOLTAR<\/a><\/p>\t\t\t\t<\/div>\n\t\t\t\t<\/div>\n\t\t\t\t\t<\/div>\n\t\t<\/div>\n\t\t\t\t\t<\/div>\n\t\t<\/section>\n\t\t\t\t<section class=\"elementor-section elementor-top-section elementor-element elementor-element-318b74f elementor-section-boxed elementor-section-height-default elementor-section-height-default\" data-id=\"318b74f\" data-element_type=\"section\" data-e-type=\"section\">\n\t\t\t\t\t\t<div class=\"elementor-container elementor-column-gap-default\">\n\t\t\t\t\t<div class=\"elementor-column elementor-col-100 elementor-top-column elementor-element elementor-element-50f5590\" data-id=\"50f5590\" data-element_type=\"column\" data-e-type=\"column\">\n\t\t\t<div class=\"elementor-widget-wrap elementor-element-populated\">\n\t\t\t\t\t\t<div class=\"elementor-element elementor-element-4b4f165 elementor-widget elementor-widget-spacer\" data-id=\"4b4f165\" data-element_type=\"widget\" data-e-type=\"widget\" data-widget_type=\"spacer.default\">\n\t\t\t\t<div class=\"elementor-widget-container\">\n\t\t\t\t\t\t\t<div class=\"elementor-spacer\">\n\t\t\t<div class=\"elementor-spacer-inner\"><\/div>\n\t\t<\/div>\n\t\t\t\t\t\t<\/div>\n\t\t\t\t<\/div>\n\t\t\t\t\t<\/div>\n\t\t<\/div>\n\t\t\t\t\t<\/div>\n\t\t<\/section>\n\t\t\t\t<\/div>\n\t\t","protected":false},"excerpt":{"rendered":"<p>Comercial Na Aloeste, acreditamos que a qualidade de nossos produtos se estende \u00e0 qualidade do servi\u00e7o que oferecemos. Nossa equipe comercial \u00e9 formada por profissionais comprometidos e apaixonados pelo que fazem. Com expertise no mercado de alum\u00ednio repuxado, eles est\u00e3o prontos para entender suas necessidades e oferecer<\/p>\n","protected":false},"author":1,"featured_media":0,"parent":0,"menu_order":0,"comment_status":"closed","ping_status":"closed","template":"","meta":{"footnotes":""},"class_list":["post-5234","page","type-page","status-publish","hentry"],"_links":{"self":[{"href":"https:\/\/aloeste.com.br\/2023\/wp-json\/wp\/v2\/pages\/5234","targetHints":{"allow":["GET"]}}],"collection":[{"href":"https:\/\/aloeste.com.br\/2023\/wp-json\/wp\/v2\/pages"}],"about":[{"href":"https:\/\/aloeste.com.br\/2023\/wp-json\/wp\/v2\/types\/page"}],"author":[{"embeddable":true,"href":"https:\/\/aloeste.com.br\/2023\/wp-json\/wp\/v2\/users\/1"}],"replies":[{"embeddable":true,"href":"https:\/\/aloeste.com.br\/2023\/wp-json\/wp\/v2\/comments?post=5234"}],"version-history":[{"count":16,"href":"https:\/\/aloeste.com.br\/2023\/wp-json\/wp\/v2\/pages\/5234\/revisions"}],"predecessor-version":[{"id":5643,"href":"https:\/\/aloeste.com.br\/2023\/wp-json\/wp\/v2\/pages\/5234\/revisions\/5643"}],"wp:attachment":[{"href":"https:\/\/aloeste.com.br\/2023\/wp-json\/wp\/v2\/media?parent=5234"}],"curies":[{"name":"wp","href":"https:\/\/api.w.org\/{rel}","templated":true}]}}