{"id":2818,"date":"2022-06-22T02:55:13","date_gmt":"2022-06-22T02:55:13","guid":{"rendered":"https:\/\/aloeste.com.br\/2023\/?page_id=2818"},"modified":"2023-11-20T21:44:13","modified_gmt":"2023-11-20T21:44:13","slug":"aloeste","status":"publish","type":"page","link":"https:\/\/aloeste.com.br\/2023\/aloeste\/","title":{"rendered":"Aloeste"},"content":{"rendered":"\t\t<div data-elementor-type=\"wp-page\" data-elementor-id=\"2818\" class=\"elementor elementor-2818\">\n\t\t\t\t\t\t<section class=\"elementor-section elementor-top-section elementor-element elementor-element-6ec6f9c elementor-section-boxed elementor-section-height-default elementor-section-height-default\" data-id=\"6ec6f9c\" data-element_type=\"section\" data-e-type=\"section\">\n\t\t\t\t\t\t<div class=\"elementor-container elementor-column-gap-default\">\n\t\t\t\t\t<div class=\"elementor-column elementor-col-100 elementor-top-column elementor-element elementor-element-ae40599\" data-id=\"ae40599\" data-element_type=\"column\" data-e-type=\"column\">\n\t\t\t<div class=\"elementor-widget-wrap\">\n\t\t\t\t\t\t\t<\/div>\n\t\t<\/div>\n\t\t\t\t\t<\/div>\n\t\t<\/section>\n\t\t\t\t<section class=\"elementor-section elementor-top-section elementor-element elementor-element-2eb60be elementor-section-boxed elementor-section-height-default elementor-section-height-default\" data-id=\"2eb60be\" data-element_type=\"section\" data-e-type=\"section\">\n\t\t\t\t\t\t<div class=\"elementor-container elementor-column-gap-default\">\n\t\t\t\t\t<div class=\"elementor-column elementor-col-100 elementor-top-column elementor-element elementor-element-a739ebc\" data-id=\"a739ebc\" data-element_type=\"column\" data-e-type=\"column\">\n\t\t\t<div class=\"elementor-widget-wrap elementor-element-populated\">\n\t\t\t\t\t\t<div class=\"elementor-element elementor-element-a2fbd41 elementor-widget elementor-widget-spacer\" data-id=\"a2fbd41\" data-element_type=\"widget\" data-e-type=\"widget\" data-widget_type=\"spacer.default\">\n\t\t\t\t<div class=\"elementor-widget-container\">\n\t\t\t\t\t\t\t<div class=\"elementor-spacer\">\n\t\t\t<div class=\"elementor-spacer-inner\"><\/div>\n\t\t<\/div>\n\t\t\t\t\t\t<\/div>\n\t\t\t\t<\/div>\n\t\t\t\t<section class=\"elementor-section elementor-inner-section elementor-element elementor-element-87cbb58 elementor-section-boxed elementor-section-height-default elementor-section-height-default\" data-id=\"87cbb58\" data-element_type=\"section\" data-e-type=\"section\">\n\t\t\t\t\t\t<div class=\"elementor-container elementor-column-gap-extended\">\n\t\t\t\t\t<div class=\"elementor-column elementor-col-50 elementor-inner-column elementor-element elementor-element-4dc70d2\" data-id=\"4dc70d2\" data-element_type=\"column\" data-e-type=\"column\">\n\t\t\t<div class=\"elementor-widget-wrap elementor-element-populated\">\n\t\t\t\t\t\t<div class=\"elementor-element elementor-element-89dbc85 align-left elementor-widget elementor-widget-mae-headings\" data-id=\"89dbc85\" data-element_type=\"widget\" data-e-type=\"widget\" data-widget_type=\"mae-headings.default\">\n\t\t\t\t<div class=\"elementor-widget-container\">\n\t\t\t\t\t\t\t<div class=\"master-heading\">\n\t        \n\t        \t        <h2 class=\"main-heading\">Somos a Aloeste<\/h2>\n\t        \n\t        \t        <div class=\"divider\"><\/div>\n\t        \n\t        \t    <\/div>\n\t    \t\t\t\t<\/div>\n\t\t\t\t<\/div>\n\t\t\t\t<div class=\"elementor-element elementor-element-3229c4f elementor-widget elementor-widget-text-editor\" data-id=\"3229c4f\" data-element_type=\"widget\" data-e-type=\"widget\" data-widget_type=\"text-editor.default\">\n\t\t\t\t<div class=\"elementor-widget-container\">\n\t\t\t\t\t\t\t\t\t<p>\u00c9 com grande satisfa\u00e7\u00e3o que apresentamos a Aloeste, uma empresa que se destaca por sua dedica\u00e7\u00e3o em produzir itens que atendem aos mais rigorosos requisitos t\u00e9cnicos de produ\u00e7\u00e3o. Desde o cuidadosamente elaborado design at\u00e9 a qualidade impec\u00e1vel do corpo, tampa, cabos e al\u00e7as, cada detalhe \u00e9 meticulosamente trabalhado para oferecer excel\u00eancia em desempenho e durabilidade.<\/p><p>Localizada no Centro Industrial Jovelino Rabelo, na cidade de Divin\u00f3polis, Minas Gerais, a Aloeste tem sido l\u00edder no mercado de alum\u00ednio repuxado desde 2004. Nossa sede \u00e9 o centro de uma opera\u00e7\u00e3o que busca atender de maneira r\u00e1pida, integrada e eficiente \u00e0s demandas do mercado de alum\u00ednio.<\/p>\t\t\t\t\t\t\t\t<\/div>\n\t\t\t\t<\/div>\n\t\t\t\t\t<\/div>\n\t\t<\/div>\n\t\t\t\t<div class=\"elementor-column elementor-col-50 elementor-inner-column elementor-element elementor-element-6bbecb4\" data-id=\"6bbecb4\" data-element_type=\"column\" data-e-type=\"column\">\n\t\t\t<div class=\"elementor-widget-wrap elementor-element-populated\">\n\t\t\t\t\t\t<div class=\"elementor-element elementor-element-444e33e elementor-widget elementor-widget-image\" data-id=\"444e33e\" data-element_type=\"widget\" data-e-type=\"widget\" data-widget_type=\"image.default\">\n\t\t\t\t<div class=\"elementor-widget-container\">\n\t\t\t\t\t\t\t\t\t\t\t\t\t\t\t<img fetchpriority=\"high\" decoding=\"async\" width=\"1233\" height=\"1014\" src=\"https:\/\/aloeste.com.br\/2023\/wp-content\/uploads\/2023\/11\/quemsomos.png\" class=\"attachment-full size-full wp-image-5585\" alt=\"\" srcset=\"https:\/\/aloeste.com.br\/2023\/wp-content\/uploads\/2023\/11\/quemsomos.png 1233w, https:\/\/aloeste.com.br\/2023\/wp-content\/uploads\/2023\/11\/quemsomos-300x247.png 300w, https:\/\/aloeste.com.br\/2023\/wp-content\/uploads\/2023\/11\/quemsomos-1024x842.png 1024w, https:\/\/aloeste.com.br\/2023\/wp-content\/uploads\/2023\/11\/quemsomos-768x632.png 768w\" sizes=\"(max-width: 1233px) 100vw, 1233px\" \/>\t\t\t\t\t\t\t\t\t\t\t\t\t\t\t<\/div>\n\t\t\t\t<\/div>\n\t\t\t\t\t<\/div>\n\t\t<\/div>\n\t\t\t\t\t<\/div>\n\t\t<\/section>\n\t\t\t\t\t<\/div>\n\t\t<\/div>\n\t\t\t\t\t<\/div>\n\t\t<\/section>\n\t\t\t\t<section class=\"elementor-section elementor-top-section elementor-element elementor-element-f24c0c1 elementor-section-boxed elementor-section-height-default elementor-section-height-default\" data-id=\"f24c0c1\" data-element_type=\"section\" data-e-type=\"section\">\n\t\t\t\t\t\t<div class=\"elementor-container elementor-column-gap-default\">\n\t\t\t\t\t<div class=\"elementor-column elementor-col-100 elementor-top-column elementor-element elementor-element-3ee530d\" data-id=\"3ee530d\" data-element_type=\"column\" data-e-type=\"column\">\n\t\t\t<div class=\"elementor-widget-wrap elementor-element-populated\">\n\t\t\t\t\t\t<div class=\"elementor-element elementor-element-873160d elementor-widget elementor-widget-text-editor\" data-id=\"873160d\" data-element_type=\"widget\" data-e-type=\"widget\" data-widget_type=\"text-editor.default\">\n\t\t\t\t<div class=\"elementor-widget-container\">\n\t\t\t\t\t\t\t\t\t<p>Nosso amplo mix de produtos abrange utens\u00edlios dom\u00e9sticos, bares e restaurantes, com linhas arrojadas que incluem ca\u00e7arolas com tampa a vapor, frigideiras, cafeteiras, chaleiras, pipoqueira, canec\u00f5es, bacias, copos, bandejas, formas de pizza, bolos, pudim, assadeiras, caldeir\u00f5es e colheres.<\/p><p>Na Aloeste, o compromisso com a qualidade \u00e9 respaldado por testes rigorosos que garantem que nossos produtos estejam em conformidade com as normas e requisitos estabelecidos pelo Inmetro. Isso \u00e9 parte integrante do nosso compromisso com a satisfa\u00e7\u00e3o do cliente e a entrega de produtos que superam expectativas.<\/p><p>O s\u00f3cio propriet\u00e1rio, Fabr\u00edcio, resume nossa miss\u00e3o: &#8220;Prestar um atendimento diferenciado aos clientes, oferecendo produtos de qualidade, pre\u00e7os competitivos e entrega \u00e1gil&#8221;. Estamos empenhados em buscar lan\u00e7amentos de novos produtos, atender \u00e0s necessidades do mercado e fornecer um atendimento personalizado e respeitoso.<\/p><p>Convidamos voc\u00ea a explorar todas as novidades da Aloeste aqui, em nosso site. Descubra a diferen\u00e7a que a excel\u00eancia em alum\u00ednio repuxado pode fazer em sua cozinha e estabelecimento comercial. Bem-vindo \u00e0 Aloeste, onde a tradi\u00e7\u00e3o se une \u00e0 inova\u00e7\u00e3o para oferecer o melhor em qualidade e durabilidade.<\/p>\t\t\t\t\t\t\t\t<\/div>\n\t\t\t\t<\/div>\n\t\t\t\t\t<\/div>\n\t\t<\/div>\n\t\t\t\t\t<\/div>\n\t\t<\/section>\n\t\t\t\t<section class=\"elementor-section elementor-top-section elementor-element elementor-element-5042853 elementor-section-boxed elementor-section-height-default elementor-section-height-default\" data-id=\"5042853\" data-element_type=\"section\" data-e-type=\"section\">\n\t\t\t\t\t\t<div class=\"elementor-container elementor-column-gap-default\">\n\t\t\t\t\t<div class=\"elementor-column elementor-col-100 elementor-top-column elementor-element elementor-element-9b4c4a6\" data-id=\"9b4c4a6\" data-element_type=\"column\" data-e-type=\"column\">\n\t\t\t<div class=\"elementor-widget-wrap elementor-element-populated\">\n\t\t\t\t\t\t<div class=\"elementor-element elementor-element-30d4c26 elementor-widget elementor-widget-google_maps\" data-id=\"30d4c26\" data-element_type=\"widget\" data-e-type=\"widget\" data-widget_type=\"google_maps.default\">\n\t\t\t\t<div class=\"elementor-widget-container\">\n\t\t\t\t\t\t\t<div class=\"elementor-custom-embed\">\n\t\t\t<iframe loading=\"lazy\"\n\t\t\t\t\tsrc=\"https:\/\/maps.google.com\/maps?q=Alum%C3%ADnio%20JR&#038;t=m&#038;z=16&#038;output=embed&#038;iwloc=near\"\n\t\t\t\t\ttitle=\"Alum\u00ednio JR\"\n\t\t\t\t\taria-label=\"Alum\u00ednio JR\"\n\t\t\t><\/iframe>\n\t\t<\/div>\n\t\t\t\t\t\t<\/div>\n\t\t\t\t<\/div>\n\t\t\t\t\t<\/div>\n\t\t<\/div>\n\t\t\t\t\t<\/div>\n\t\t<\/section>\n\t\t\t\t<section class=\"elementor-section elementor-top-section elementor-element elementor-element-3163b13 elementor-section-boxed elementor-section-height-default elementor-section-height-default\" data-id=\"3163b13\" data-element_type=\"section\" data-e-type=\"section\">\n\t\t\t\t\t\t<div class=\"elementor-container elementor-column-gap-default\">\n\t\t\t\t\t<div class=\"elementor-column elementor-col-100 elementor-top-column elementor-element elementor-element-052ba49\" data-id=\"052ba49\" data-element_type=\"column\" data-e-type=\"column\">\n\t\t\t<div class=\"elementor-widget-wrap elementor-element-populated\">\n\t\t\t\t\t\t<div class=\"elementor-element elementor-element-3693728 elementor-widget elementor-widget-heading\" data-id=\"3693728\" data-element_type=\"widget\" data-e-type=\"widget\" data-widget_type=\"heading.default\">\n\t\t\t\t<div class=\"elementor-widget-container\">\n\t\t\t\t\t<p class=\"elementor-heading-title elementor-size-default\"><a href=\"https:\/\/aloeste.com.br\/2023\/\">\u23ce VOLTAR<\/a><\/p>\t\t\t\t<\/div>\n\t\t\t\t<\/div>\n\t\t\t\t\t<\/div>\n\t\t<\/div>\n\t\t\t\t\t<\/div>\n\t\t<\/section>\n\t\t\t\t<section class=\"elementor-section elementor-top-section elementor-element elementor-element-318b74f elementor-section-boxed elementor-section-height-default elementor-section-height-default\" data-id=\"318b74f\" data-element_type=\"section\" data-e-type=\"section\">\n\t\t\t\t\t\t<div class=\"elementor-container elementor-column-gap-default\">\n\t\t\t\t\t<div class=\"elementor-column elementor-col-100 elementor-top-column elementor-element elementor-element-50f5590\" data-id=\"50f5590\" data-element_type=\"column\" data-e-type=\"column\">\n\t\t\t<div class=\"elementor-widget-wrap elementor-element-populated\">\n\t\t\t\t\t\t<div class=\"elementor-element elementor-element-4b4f165 elementor-widget elementor-widget-spacer\" data-id=\"4b4f165\" data-element_type=\"widget\" data-e-type=\"widget\" data-widget_type=\"spacer.default\">\n\t\t\t\t<div class=\"elementor-widget-container\">\n\t\t\t\t\t\t\t<div class=\"elementor-spacer\">\n\t\t\t<div class=\"elementor-spacer-inner\"><\/div>\n\t\t<\/div>\n\t\t\t\t\t\t<\/div>\n\t\t\t\t<\/div>\n\t\t\t\t\t<\/div>\n\t\t<\/div>\n\t\t\t\t\t<\/div>\n\t\t<\/section>\n\t\t\t\t<\/div>\n\t\t","protected":false},"excerpt":{"rendered":"<p>Somos a Aloeste \u00c9 com grande satisfa\u00e7\u00e3o que apresentamos a Aloeste, uma empresa que se destaca por sua dedica\u00e7\u00e3o em produzir itens que atendem aos mais rigorosos requisitos t\u00e9cnicos de produ\u00e7\u00e3o. Desde o cuidadosamente elaborado design at\u00e9 a qualidade impec\u00e1vel do corpo, tampa, cabos e al\u00e7as, cada<\/p>\n","protected":false},"author":1,"featured_media":0,"parent":0,"menu_order":0,"comment_status":"closed","ping_status":"closed","template":"","meta":{"footnotes":""},"class_list":["post-2818","page","type-page","status-publish","hentry"],"_links":{"self":[{"href":"https:\/\/aloeste.com.br\/2023\/wp-json\/wp\/v2\/pages\/2818","targetHints":{"allow":["GET"]}}],"collection":[{"href":"https:\/\/aloeste.com.br\/2023\/wp-json\/wp\/v2\/pages"}],"about":[{"href":"https:\/\/aloeste.com.br\/2023\/wp-json\/wp\/v2\/types\/page"}],"author":[{"embeddable":true,"href":"https:\/\/aloeste.com.br\/2023\/wp-json\/wp\/v2\/users\/1"}],"replies":[{"embeddable":true,"href":"https:\/\/aloeste.com.br\/2023\/wp-json\/wp\/v2\/comments?post=2818"}],"version-history":[{"count":93,"href":"https:\/\/aloeste.com.br\/2023\/wp-json\/wp\/v2\/pages\/2818\/revisions"}],"predecessor-version":[{"id":5632,"href":"https:\/\/aloeste.com.br\/2023\/wp-json\/wp\/v2\/pages\/2818\/revisions\/5632"}],"wp:attachment":[{"href":"https:\/\/aloeste.com.br\/2023\/wp-json\/wp\/v2\/media?parent=2818"}],"curies":[{"name":"wp","href":"https:\/\/api.w.org\/{rel}","templated":true}]}}