{"id":2514,"date":"2022-06-20T01:11:33","date_gmt":"2022-06-20T01:11:33","guid":{"rendered":"https:\/\/aloeste.com.br\/2023\/?page_id=2514"},"modified":"2023-11-20T22:00:05","modified_gmt":"2023-11-20T22:00:05","slug":"produtos","status":"publish","type":"page","link":"https:\/\/aloeste.com.br\/2023\/produtos\/","title":{"rendered":"Nossos Produtos"},"content":{"rendered":"\t\t<div data-elementor-type=\"wp-page\" data-elementor-id=\"2514\" class=\"elementor elementor-2514\">\n\t\t\t\t\t\t<section class=\"elementor-section elementor-top-section elementor-element elementor-element-6ec6f9c elementor-section-boxed elementor-section-height-default elementor-section-height-default\" data-id=\"6ec6f9c\" data-element_type=\"section\" data-e-type=\"section\">\n\t\t\t\t\t\t<div class=\"elementor-container elementor-column-gap-default\">\n\t\t\t\t\t<div class=\"elementor-column elementor-col-100 elementor-top-column elementor-element elementor-element-785c560\" data-id=\"785c560\" data-element_type=\"column\" data-e-type=\"column\">\n\t\t\t<div class=\"elementor-widget-wrap\">\n\t\t\t\t\t\t\t<\/div>\n\t\t<\/div>\n\t\t\t\t\t<\/div>\n\t\t<\/section>\n\t\t\t\t<section class=\"elementor-section elementor-top-section elementor-element elementor-element-e6726d8 elementor-section-boxed elementor-section-height-default elementor-section-height-default\" data-id=\"e6726d8\" data-element_type=\"section\" data-e-type=\"section\">\n\t\t\t\t\t\t<div class=\"elementor-container elementor-column-gap-default\">\n\t\t\t\t\t<div class=\"elementor-column elementor-col-100 elementor-top-column elementor-element elementor-element-9b19c10\" data-id=\"9b19c10\" data-element_type=\"column\" data-e-type=\"column\">\n\t\t\t<div class=\"elementor-widget-wrap elementor-element-populated\">\n\t\t\t\t\t\t<div class=\"elementor-element elementor-element-a2fbd41 elementor-widget elementor-widget-spacer\" data-id=\"a2fbd41\" data-element_type=\"widget\" data-e-type=\"widget\" data-widget_type=\"spacer.default\">\n\t\t\t\t<div class=\"elementor-widget-container\">\n\t\t\t\t\t\t\t<div class=\"elementor-spacer\">\n\t\t\t<div class=\"elementor-spacer-inner\"><\/div>\n\t\t<\/div>\n\t\t\t\t\t\t<\/div>\n\t\t\t\t<\/div>\n\t\t\t\t<section class=\"elementor-section elementor-inner-section elementor-element elementor-element-87cbb58 elementor-section-boxed elementor-section-height-default elementor-section-height-default\" data-id=\"87cbb58\" data-element_type=\"section\" data-e-type=\"section\">\n\t\t\t\t\t\t<div class=\"elementor-container elementor-column-gap-extended\">\n\t\t\t\t\t<div class=\"elementor-column elementor-col-100 elementor-inner-column elementor-element elementor-element-4dc70d2\" data-id=\"4dc70d2\" data-element_type=\"column\" data-e-type=\"column\">\n\t\t\t<div class=\"elementor-widget-wrap elementor-element-populated\">\n\t\t\t\t\t\t<div class=\"elementor-element elementor-element-89dbc85 align-left elementor-widget elementor-widget-mae-headings\" data-id=\"89dbc85\" data-element_type=\"widget\" data-e-type=\"widget\" data-widget_type=\"mae-headings.default\">\n\t\t\t\t<div class=\"elementor-widget-container\">\n\t\t\t\t\t\t\t<div class=\"master-heading\">\n\t        \n\t        \t        <h2 class=\"main-heading\">Nossos Produtos<\/h2>\n\t        \n\t        \t        <div class=\"divider\"><\/div>\n\t        \n\t        \t    <\/div>\n\t    \t\t\t\t<\/div>\n\t\t\t\t<\/div>\n\t\t\t\t<div class=\"elementor-element elementor-element-3229c4f elementor-widget elementor-widget-text-editor\" data-id=\"3229c4f\" data-element_type=\"widget\" data-e-type=\"widget\" data-widget_type=\"text-editor.default\">\n\t\t\t\t<div class=\"elementor-widget-container\">\n\t\t\t\t\t\t\t\t\t<p>Bem-vindo \u00e0 se\u00e7\u00e3o de produtos da Aloeste, onde cada item \u00e9 uma express\u00e3o de nossa dedica\u00e7\u00e3o \u00e0 qualidade, inova\u00e7\u00e3o e durabilidade. Dos antiaderentes avan\u00e7ados da linha Aluflon \u00e0 tradi\u00e7\u00e3o atemporal da cole\u00e7\u00e3o Polida e \u00e0 robustez da linha Industrial, cada produto \u00e9 meticulosamente projetado para elevar sua experi\u00eancia culin\u00e1ria.<\/p>\t\t\t\t\t\t\t\t<\/div>\n\t\t\t\t<\/div>\n\t\t\t\t\t<\/div>\n\t\t<\/div>\n\t\t\t\t\t<\/div>\n\t\t<\/section>\n\t\t\t\t\t<\/div>\n\t\t<\/div>\n\t\t\t\t\t<\/div>\n\t\t<\/section>\n\t\t\t\t<section class=\"elementor-section elementor-top-section elementor-element elementor-element-adcedeb elementor-section-full_width elementor-section-height-default elementor-section-height-default\" data-id=\"adcedeb\" data-element_type=\"section\" data-e-type=\"section\">\n\t\t\t\t\t\t<div class=\"elementor-container elementor-column-gap-no\">\n\t\t\t\t\t<div class=\"elementor-column elementor-col-33 elementor-top-column elementor-element elementor-element-c1e19aa\" data-id=\"c1e19aa\" data-element_type=\"column\" data-e-type=\"column\">\n\t\t\t<div class=\"elementor-widget-wrap elementor-element-populated\">\n\t\t\t\t\t\t<div class=\"elementor-element elementor-element-538cba7 elementor-widget elementor-widget-image\" data-id=\"538cba7\" data-element_type=\"widget\" data-e-type=\"widget\" data-widget_type=\"image.default\">\n\t\t\t\t<div class=\"elementor-widget-container\">\n\t\t\t\t\t\t\t\t\t\t\t\t\t\t\t\t<a href=\"https:\/\/aloeste.com.br\/2023\/aluflon\/\">\n\t\t\t\t\t\t\t<img decoding=\"async\" src=\"https:\/\/aloeste.com.br\/2023\/wp-content\/uploads\/2023\/11\/Panela_destaque2.png\" title=\"Panela_destaque2\" alt=\"Panela_destaque2\" loading=\"lazy\" \/>\t\t\t\t\t\t\t\t<\/a>\n\t\t\t\t\t\t\t\t\t\t\t\t\t\t\t<\/div>\n\t\t\t\t<\/div>\n\t\t\t\t<div class=\"elementor-element elementor-element-3650274 hover-effect-none elementor-widget elementor-widget-mae-service-box\" data-id=\"3650274\" data-element_type=\"widget\" data-e-type=\"widget\" data-widget_type=\"mae-service-box.default\">\n\t\t\t\t<div class=\"elementor-widget-container\">\n\t\t\t\t\t        <div class=\"master-service mlr-725549183 item-carousel  \">\n            \n            <div class=\"content-wrap\">\n                <h3 class=\"headline-2\">Linha Aluflon<\/h3>            <div class=\"url-wrap\">\n                <a class=\"master-link  icon-right\" href=\"https:\/\/aloeste.com.br\/2023\/aluflon\/\" >\n                                        <span>Ver Produtos<\/span>\n                    <span class=\"icon fa fa-arrow-right\"><\/span>                <\/a>\n            <\/div>\n\n                        <\/div>\n        <\/div>\n\n        \t\t\t\t<\/div>\n\t\t\t\t<\/div>\n\t\t\t\t<div class=\"elementor-element elementor-element-1c1058f elementor-widget elementor-widget-spacer\" data-id=\"1c1058f\" data-element_type=\"widget\" data-e-type=\"widget\" data-widget_type=\"spacer.default\">\n\t\t\t\t<div class=\"elementor-widget-container\">\n\t\t\t\t\t\t\t<div class=\"elementor-spacer\">\n\t\t\t<div class=\"elementor-spacer-inner\"><\/div>\n\t\t<\/div>\n\t\t\t\t\t\t<\/div>\n\t\t\t\t<\/div>\n\t\t\t\t\t<\/div>\n\t\t<\/div>\n\t\t\t\t<div class=\"elementor-column elementor-col-33 elementor-top-column elementor-element elementor-element-bd08bf2\" data-id=\"bd08bf2\" data-element_type=\"column\" data-e-type=\"column\">\n\t\t\t<div class=\"elementor-widget-wrap elementor-element-populated\">\n\t\t\t\t\t\t<div class=\"elementor-element elementor-element-64519d8 elementor-widget elementor-widget-image\" data-id=\"64519d8\" data-element_type=\"widget\" data-e-type=\"widget\" data-widget_type=\"image.default\">\n\t\t\t\t<div class=\"elementor-widget-container\">\n\t\t\t\t\t\t\t\t\t\t\t\t\t\t\t\t<a href=\"https:\/\/aloeste.com.br\/2023\/tradicional\/\">\n\t\t\t\t\t\t\t<img decoding=\"async\" src=\"https:\/\/aloeste.com.br\/2023\/wp-content\/uploads\/2023\/11\/Panela_destaque1.png\" title=\"Panela_destaque1\" alt=\"Panela_destaque1\" loading=\"lazy\" \/>\t\t\t\t\t\t\t\t<\/a>\n\t\t\t\t\t\t\t\t\t\t\t\t\t\t\t<\/div>\n\t\t\t\t<\/div>\n\t\t\t\t<div class=\"elementor-element elementor-element-0c6f1d8 hover-effect-none elementor-widget elementor-widget-mae-service-box\" data-id=\"0c6f1d8\" data-element_type=\"widget\" data-e-type=\"widget\" data-widget_type=\"mae-service-box.default\">\n\t\t\t\t<div class=\"elementor-widget-container\">\n\t\t\t\t\t        <div class=\"master-service mlr-357557486 item-carousel  \">\n            \n            <div class=\"content-wrap\">\n                <h3 class=\"headline-2\">Linha Tradicional<\/h3>            <div class=\"url-wrap\">\n                <a class=\"master-link  icon-right\" href=\"https:\/\/aloeste.com.br\/2023\/tradicional\/\" >\n                                        <span>Ver Produtos<\/span>\n                    <span class=\"icon fa fa-arrow-right\"><\/span>                <\/a>\n            <\/div>\n\n                        <\/div>\n        <\/div>\n\n        \t\t\t\t<\/div>\n\t\t\t\t<\/div>\n\t\t\t\t<div class=\"elementor-element elementor-element-0d14ae8 elementor-widget elementor-widget-spacer\" data-id=\"0d14ae8\" data-element_type=\"widget\" data-e-type=\"widget\" data-widget_type=\"spacer.default\">\n\t\t\t\t<div class=\"elementor-widget-container\">\n\t\t\t\t\t\t\t<div class=\"elementor-spacer\">\n\t\t\t<div class=\"elementor-spacer-inner\"><\/div>\n\t\t<\/div>\n\t\t\t\t\t\t<\/div>\n\t\t\t\t<\/div>\n\t\t\t\t\t<\/div>\n\t\t<\/div>\n\t\t\t\t<div class=\"elementor-column elementor-col-33 elementor-top-column elementor-element elementor-element-b30da16\" data-id=\"b30da16\" data-element_type=\"column\" data-e-type=\"column\">\n\t\t\t<div class=\"elementor-widget-wrap elementor-element-populated\">\n\t\t\t\t\t\t<div class=\"elementor-element elementor-element-0cec816 elementor-widget elementor-widget-image\" data-id=\"0cec816\" data-element_type=\"widget\" data-e-type=\"widget\" data-widget_type=\"image.default\">\n\t\t\t\t<div class=\"elementor-widget-container\">\n\t\t\t\t\t\t\t\t\t\t\t\t\t\t\t\t<a href=\"https:\/\/aloeste.com.br\/2023\/industrial\/\">\n\t\t\t\t\t\t\t<img decoding=\"async\" src=\"https:\/\/aloeste.com.br\/2023\/wp-content\/uploads\/2023\/11\/Panela_destaque3.png\" title=\"Panela_destaque3\" alt=\"Panela_destaque3\" loading=\"lazy\" \/>\t\t\t\t\t\t\t\t<\/a>\n\t\t\t\t\t\t\t\t\t\t\t\t\t\t\t<\/div>\n\t\t\t\t<\/div>\n\t\t\t\t<div class=\"elementor-element elementor-element-b9be900 hover-effect-none elementor-widget elementor-widget-mae-service-box\" data-id=\"b9be900\" data-element_type=\"widget\" data-e-type=\"widget\" data-widget_type=\"mae-service-box.default\">\n\t\t\t\t<div class=\"elementor-widget-container\">\n\t\t\t\t\t        <div class=\"master-service mlr-1228622464 item-carousel  \">\n            \n            <div class=\"content-wrap\">\n                <h3 class=\"headline-2\">Linha Industrial<\/h3>            <div class=\"url-wrap\">\n                <a class=\"master-link  icon-right\" href=\"https:\/\/aloeste.com.br\/2023\/industrial\" >\n                                        <span>Ver Produtos<\/span>\n                    <span class=\"icon fa fa-arrow-right\"><\/span>                <\/a>\n            <\/div>\n\n                        <\/div>\n        <\/div>\n\n        \t\t\t\t<\/div>\n\t\t\t\t<\/div>\n\t\t\t\t\t<\/div>\n\t\t<\/div>\n\t\t\t\t\t<\/div>\n\t\t<\/section>\n\t\t\t\t<section class=\"elementor-section elementor-top-section elementor-element elementor-element-e561a71 elementor-section-boxed elementor-section-height-default elementor-section-height-default\" data-id=\"e561a71\" data-element_type=\"section\" data-e-type=\"section\">\n\t\t\t\t\t\t<div class=\"elementor-container elementor-column-gap-default\">\n\t\t\t\t\t<div class=\"elementor-column elementor-col-100 elementor-top-column elementor-element elementor-element-13e3f57\" data-id=\"13e3f57\" data-element_type=\"column\" data-e-type=\"column\">\n\t\t\t<div class=\"elementor-widget-wrap elementor-element-populated\">\n\t\t\t\t\t\t<div class=\"elementor-element elementor-element-94e5fcc elementor-widget elementor-widget-heading\" data-id=\"94e5fcc\" data-element_type=\"widget\" data-e-type=\"widget\" data-widget_type=\"heading.default\">\n\t\t\t\t<div class=\"elementor-widget-container\">\n\t\t\t\t\t<p class=\"elementor-heading-title elementor-size-default\"><a href=\"https:\/\/aloeste.com.br\/2023\/\">\u23ce VOLTAR<\/a><\/p>\t\t\t\t<\/div>\n\t\t\t\t<\/div>\n\t\t\t\t\t<\/div>\n\t\t<\/div>\n\t\t\t\t\t<\/div>\n\t\t<\/section>\n\t\t\t\t<section class=\"elementor-section elementor-top-section elementor-element elementor-element-318b74f elementor-section-boxed elementor-section-height-default elementor-section-height-default\" data-id=\"318b74f\" data-element_type=\"section\" data-e-type=\"section\">\n\t\t\t\t\t\t<div class=\"elementor-container elementor-column-gap-default\">\n\t\t\t\t\t<div class=\"elementor-column elementor-col-100 elementor-top-column elementor-element elementor-element-50f5590\" data-id=\"50f5590\" data-element_type=\"column\" data-e-type=\"column\">\n\t\t\t<div class=\"elementor-widget-wrap elementor-element-populated\">\n\t\t\t\t\t\t<div class=\"elementor-element elementor-element-4b4f165 elementor-widget elementor-widget-spacer\" data-id=\"4b4f165\" data-element_type=\"widget\" data-e-type=\"widget\" data-widget_type=\"spacer.default\">\n\t\t\t\t<div class=\"elementor-widget-container\">\n\t\t\t\t\t\t\t<div class=\"elementor-spacer\">\n\t\t\t<div class=\"elementor-spacer-inner\"><\/div>\n\t\t<\/div>\n\t\t\t\t\t\t<\/div>\n\t\t\t\t<\/div>\n\t\t\t\t\t<\/div>\n\t\t<\/div>\n\t\t\t\t\t<\/div>\n\t\t<\/section>\n\t\t\t\t<\/div>\n\t\t","protected":false},"excerpt":{"rendered":"<p>Nossos Produtos Bem-vindo \u00e0 se\u00e7\u00e3o de produtos da Aloeste, onde cada item \u00e9 uma express\u00e3o de nossa dedica\u00e7\u00e3o \u00e0 qualidade, inova\u00e7\u00e3o e durabilidade. Dos antiaderentes avan\u00e7ados da linha Aluflon \u00e0 tradi\u00e7\u00e3o atemporal da cole\u00e7\u00e3o Polida e \u00e0 robustez da linha Industrial, cada produto \u00e9 meticulosamente projetado para<\/p>\n","protected":false},"author":1,"featured_media":0,"parent":0,"menu_order":0,"comment_status":"closed","ping_status":"closed","template":"","meta":{"footnotes":""},"class_list":["post-2514","page","type-page","status-publish","hentry"],"_links":{"self":[{"href":"https:\/\/aloeste.com.br\/2023\/wp-json\/wp\/v2\/pages\/2514","targetHints":{"allow":["GET"]}}],"collection":[{"href":"https:\/\/aloeste.com.br\/2023\/wp-json\/wp\/v2\/pages"}],"about":[{"href":"https:\/\/aloeste.com.br\/2023\/wp-json\/wp\/v2\/types\/page"}],"author":[{"embeddable":true,"href":"https:\/\/aloeste.com.br\/2023\/wp-json\/wp\/v2\/users\/1"}],"replies":[{"embeddable":true,"href":"https:\/\/aloeste.com.br\/2023\/wp-json\/wp\/v2\/comments?post=2514"}],"version-history":[{"count":264,"href":"https:\/\/aloeste.com.br\/2023\/wp-json\/wp\/v2\/pages\/2514\/revisions"}],"predecessor-version":[{"id":5649,"href":"https:\/\/aloeste.com.br\/2023\/wp-json\/wp\/v2\/pages\/2514\/revisions\/5649"}],"wp:attachment":[{"href":"https:\/\/aloeste.com.br\/2023\/wp-json\/wp\/v2\/media?parent=2514"}],"curies":[{"name":"wp","href":"https:\/\/api.w.org\/{rel}","templated":true}]}}